{"id":1746,"date":"2025-02-19T14:35:24","date_gmt":"2025-02-19T13:35:24","guid":{"rendered":"https:\/\/www.cscfilms.com\/?page_id=1746"},"modified":"2025-03-20T08:41:19","modified_gmt":"2025-03-20T07:41:19","slug":"projects","status":"publish","type":"page","link":"https:\/\/www.cscfilms.com\/en\/projects\/","title":{"rendered":"Projects"},"content":{"rendered":"\t\t<div data-elementor-type=\"wp-page\" data-elementor-id=\"1746\" class=\"elementor elementor-1746 elementor-1050\">\n\t\t\t\t<div class=\"elementor-element elementor-element-598d8b2 e-flex e-con-boxed e-con e-parent\" data-id=\"598d8b2\" data-element_type=\"container\" data-settings=\"{&quot;background_background&quot;:&quot;classic&quot;}\">\n\t\t\t\t\t<div class=\"e-con-inner\">\n\t\t\t\t\t<\/div>\n\t\t\t\t<\/div>\n\t\t<div class=\"elementor-element elementor-element-94cdf76 e-flex e-con-boxed e-con e-parent\" data-id=\"94cdf76\" data-element_type=\"container\">\n\t\t\t\t\t<div class=\"e-con-inner\">\n\t\t<div class=\"elementor-element elementor-element-5ed2248 e-con-full e-flex e-con e-child\" data-id=\"5ed2248\" data-element_type=\"container\">\n\t\t\t\t<div class=\"elementor-element elementor-element-480326e elementor-widget elementor-widget-heading\" data-id=\"480326e\" data-element_type=\"widget\" data-widget_type=\"heading.default\">\n\t\t\t\t<div class=\"elementor-widget-container\">\n\t\t\t\t\t<h2 class=\"elementor-heading-title elementor-size-default\">PROJECTS_<\/h2>\t\t\t\t<\/div>\n\t\t\t\t<\/div>\n\t\t<div class=\"elementor-element elementor-element-d9994ae e-con-full e-flex e-con e-child\" data-id=\"d9994ae\" data-element_type=\"container\">\n\t\t\t\t<div class=\"elementor-element elementor-element-d8a8872 elementor-widget elementor-widget-image\" data-id=\"d8a8872\" data-element_type=\"widget\" data-widget_type=\"image.default\">\n\t\t\t\t<div class=\"elementor-widget-container\">\n\t\t\t\t\t\t\t\t\t\t\t\t\t\t\t<img fetchpriority=\"high\" decoding=\"async\" width=\"1450\" height=\"794\" src=\"https:\/\/www.cscfilms.com\/wp-content\/uploads\/2025\/02\/csc_proyectos2.jpg\" class=\"attachment-full size-full wp-image-1081\" alt=\"Ni lobos ni corderos\" srcset=\"https:\/\/www.cscfilms.com\/wp-content\/uploads\/2025\/02\/csc_proyectos2.jpg 1450w, https:\/\/www.cscfilms.com\/wp-content\/uploads\/2025\/02\/csc_proyectos2-300x164.jpg 300w, https:\/\/www.cscfilms.com\/wp-content\/uploads\/2025\/02\/csc_proyectos2-1024x561.jpg 1024w, https:\/\/www.cscfilms.com\/wp-content\/uploads\/2025\/02\/csc_proyectos2-768x421.jpg 768w\" sizes=\"(max-width: 1450px) 100vw, 1450px\" \/>\t\t\t\t\t\t\t\t\t\t\t\t\t\t\t<\/div>\n\t\t\t\t<\/div>\n\t\t<div class=\"elementor-element elementor-element-54bc78a e-con-full e-flex e-con e-child\" data-id=\"54bc78a\" data-element_type=\"container\">\n\t\t<div class=\"elementor-element elementor-element-4eec5f8 e-con-full e-flex e-con e-child\" data-id=\"4eec5f8\" data-element_type=\"container\">\n\t\t\t\t<div class=\"elementor-element elementor-element-abec776 elementor-widget elementor-widget-heading\" data-id=\"abec776\" data-element_type=\"widget\" data-widget_type=\"heading.default\">\n\t\t\t\t<div class=\"elementor-widget-container\">\n\t\t\t\t\t<h3 class=\"elementor-heading-title elementor-size-default\">NI LOBOS NI CORDEROS_<\/h3>\t\t\t\t<\/div>\n\t\t\t\t<\/div>\n\t\t\t\t<div class=\"elementor-element elementor-element-8947fcd elementor-widget elementor-widget-text-editor\" data-id=\"8947fcd\" data-element_type=\"widget\" data-widget_type=\"text-editor.default\">\n\t\t\t\t<div class=\"elementor-widget-container\">\n\t\t\t\t\t\t\t\t\t2024 | Jos\u00e9 Luis Acosta\t\t\t\t\t\t\t\t<\/div>\n\t\t\t\t<\/div>\n\t\t\t\t<\/div>\n\t\t<div class=\"elementor-element elementor-element-f50d2da e-con-full e-flex e-con e-child\" data-id=\"f50d2da\" data-element_type=\"container\">\n\t\t\t\t<div class=\"elementor-element elementor-element-146580d elementor-align-left elementor-widget elementor-widget-button\" data-id=\"146580d\" data-element_type=\"widget\" data-widget_type=\"button.default\">\n\t\t\t\t<div class=\"elementor-widget-container\">\n\t\t\t\t\t\t\t\t\t<div class=\"elementor-button-wrapper\">\n\t\t\t\t\t<a class=\"elementor-button elementor-button-link elementor-size-sm\" href=\"https:\/\/sede.mcu.gob.es\/CatalogoICAA\/en-us\/Peliculas\/Detalle?q=true&#038;Pelicula=208323\" target=\"_blank\">\n\t\t\t\t\t\t<span class=\"elementor-button-content-wrapper\">\n\t\t\t\t\t\t\t\t\t<span class=\"elementor-button-text\">SEE TECHNICAL INFO<\/span>\n\t\t\t\t\t<\/span>\n\t\t\t\t\t<\/a>\n\t\t\t\t<\/div>\n\t\t\t\t\t\t\t\t<\/div>\n\t\t\t\t<\/div>\n\t\t\t\t<\/div>\n\t\t\t\t<\/div>\n\t\t\t\t<\/div>\n\t\t<div class=\"elementor-element elementor-element-8176854 e-con-full e-flex e-con e-child\" data-id=\"8176854\" data-element_type=\"container\">\n\t\t\t\t<div class=\"elementor-element elementor-element-788a881 elementor-widget elementor-widget-image\" data-id=\"788a881\" data-element_type=\"widget\" data-widget_type=\"image.default\">\n\t\t\t\t<div class=\"elementor-widget-container\">\n\t\t\t\t\t\t\t\t\t\t\t\t\t\t\t<img decoding=\"async\" width=\"1450\" height=\"794\" data-src=\"https:\/\/www.cscfilms.com\/wp-content\/uploads\/2025\/03\/csc_proyectos7.jpg\" class=\"attachment-full size-full wp-image-1489 lazyload\" alt=\"Locas del \u00e1tico\" data-srcset=\"https:\/\/www.cscfilms.com\/wp-content\/uploads\/2025\/03\/csc_proyectos7.jpg 1450w, https:\/\/www.cscfilms.com\/wp-content\/uploads\/2025\/03\/csc_proyectos7-300x164.jpg 300w, https:\/\/www.cscfilms.com\/wp-content\/uploads\/2025\/03\/csc_proyectos7-1024x561.jpg 1024w, https:\/\/www.cscfilms.com\/wp-content\/uploads\/2025\/03\/csc_proyectos7-768x421.jpg 768w\" data-sizes=\"(max-width: 1450px) 100vw, 1450px\" src=\"data:image\/gif;base64,R0lGODlhAQABAAAAACH5BAEKAAEALAAAAAABAAEAAAICTAEAOw==\" style=\"--smush-placeholder-width: 1450px; --smush-placeholder-aspect-ratio: 1450\/794;\" \/>\t\t\t\t\t\t\t\t\t\t\t\t\t\t\t<\/div>\n\t\t\t\t<\/div>\n\t\t<div class=\"elementor-element elementor-element-76e8bb1 e-con-full e-flex e-con e-child\" data-id=\"76e8bb1\" data-element_type=\"container\">\n\t\t<div class=\"elementor-element elementor-element-c905558 e-con-full e-flex e-con e-child\" data-id=\"c905558\" data-element_type=\"container\">\n\t\t\t\t<div class=\"elementor-element elementor-element-401de5f elementor-widget elementor-widget-heading\" data-id=\"401de5f\" data-element_type=\"widget\" data-widget_type=\"heading.default\">\n\t\t\t\t<div class=\"elementor-widget-container\">\n\t\t\t\t\t<h3 class=\"elementor-heading-title elementor-size-default\">LOCAS DEL \u00c1TICO_<\/h3>\t\t\t\t<\/div>\n\t\t\t\t<\/div>\n\t\t\t\t<div class=\"elementor-element elementor-element-8cdb060 elementor-widget elementor-widget-text-editor\" data-id=\"8cdb060\" data-element_type=\"widget\" data-widget_type=\"text-editor.default\">\n\t\t\t\t<div class=\"elementor-widget-container\">\n\t\t\t\t\t\t\t\t\t2024 | Tamara Garc\u00eda Iglesias\t\t\t\t\t\t\t\t<\/div>\n\t\t\t\t<\/div>\n\t\t\t\t<\/div>\n\t\t<div class=\"elementor-element elementor-element-d2b8ee3 e-con-full e-flex e-con e-child\" data-id=\"d2b8ee3\" data-element_type=\"container\">\n\t\t\t\t<div class=\"elementor-element elementor-element-d578cf1 elementor-align-left elementor-widget elementor-widget-button\" data-id=\"d578cf1\" data-element_type=\"widget\" data-widget_type=\"button.default\">\n\t\t\t\t<div class=\"elementor-widget-container\">\n\t\t\t\t\t\t\t\t\t<div class=\"elementor-button-wrapper\">\n\t\t\t\t\t<a class=\"elementor-button elementor-button-link elementor-size-sm\" href=\"https:\/\/sede.mcu.gob.es\/CatalogoICAA\/en-us\/Peliculas\/Detalle?q=true&#038;Pelicula=55722\" target=\"_blank\">\n\t\t\t\t\t\t<span class=\"elementor-button-content-wrapper\">\n\t\t\t\t\t\t\t\t\t<span class=\"elementor-button-text\">SEE TECHNICAL INFO<\/span>\n\t\t\t\t\t<\/span>\n\t\t\t\t\t<\/a>\n\t\t\t\t<\/div>\n\t\t\t\t\t\t\t\t<\/div>\n\t\t\t\t<\/div>\n\t\t\t\t<\/div>\n\t\t\t\t<\/div>\n\t\t\t\t<\/div>\n\t\t<div class=\"elementor-element elementor-element-876fb72 e-con-full e-flex e-con e-child\" data-id=\"876fb72\" data-element_type=\"container\">\n\t\t\t\t<div class=\"elementor-element elementor-element-676208c elementor-widget elementor-widget-image\" data-id=\"676208c\" data-element_type=\"widget\" data-widget_type=\"image.default\">\n\t\t\t\t<div class=\"elementor-widget-container\">\n\t\t\t\t\t\t\t\t\t\t\t\t\t\t\t<img decoding=\"async\" width=\"1450\" height=\"794\" data-src=\"https:\/\/www.cscfilms.com\/wp-content\/uploads\/2025\/02\/csc_proyectos4.jpg\" class=\"attachment-full size-full wp-image-1083 lazyload\" alt=\"Hado\" data-srcset=\"https:\/\/www.cscfilms.com\/wp-content\/uploads\/2025\/02\/csc_proyectos4.jpg 1450w, https:\/\/www.cscfilms.com\/wp-content\/uploads\/2025\/02\/csc_proyectos4-300x164.jpg 300w, https:\/\/www.cscfilms.com\/wp-content\/uploads\/2025\/02\/csc_proyectos4-1024x561.jpg 1024w, https:\/\/www.cscfilms.com\/wp-content\/uploads\/2025\/02\/csc_proyectos4-768x421.jpg 768w\" data-sizes=\"(max-width: 1450px) 100vw, 1450px\" src=\"data:image\/gif;base64,R0lGODlhAQABAAAAACH5BAEKAAEALAAAAAABAAEAAAICTAEAOw==\" style=\"--smush-placeholder-width: 1450px; --smush-placeholder-aspect-ratio: 1450\/794;\" \/>\t\t\t\t\t\t\t\t\t\t\t\t\t\t\t<\/div>\n\t\t\t\t<\/div>\n\t\t<div class=\"elementor-element elementor-element-125bd7e e-con-full e-flex e-con e-child\" data-id=\"125bd7e\" data-element_type=\"container\">\n\t\t<div class=\"elementor-element elementor-element-441c666 e-con-full e-flex e-con e-child\" data-id=\"441c666\" data-element_type=\"container\">\n\t\t\t\t<div class=\"elementor-element elementor-element-0cb760b elementor-widget elementor-widget-heading\" data-id=\"0cb760b\" data-element_type=\"widget\" data-widget_type=\"heading.default\">\n\t\t\t\t<div class=\"elementor-widget-container\">\n\t\t\t\t\t<h3 class=\"elementor-heading-title elementor-size-default\">HADO_<\/h3>\t\t\t\t<\/div>\n\t\t\t\t<\/div>\n\t\t\t\t<div class=\"elementor-element elementor-element-ce58d70 elementor-widget elementor-widget-text-editor\" data-id=\"ce58d70\" data-element_type=\"widget\" data-widget_type=\"text-editor.default\">\n\t\t\t\t<div class=\"elementor-widget-container\">\n\t\t\t\t\t\t\t\t\t2024 | Rubi Rock\t\t\t\t\t\t\t\t<\/div>\n\t\t\t\t<\/div>\n\t\t\t\t<\/div>\n\t\t<div class=\"elementor-element elementor-element-85f83c8 e-con-full e-flex e-con e-child\" data-id=\"85f83c8\" data-element_type=\"container\">\n\t\t\t\t<div class=\"elementor-element elementor-element-1f590aa elementor-align-left elementor-widget elementor-widget-button\" data-id=\"1f590aa\" data-element_type=\"widget\" data-widget_type=\"button.default\">\n\t\t\t\t<div class=\"elementor-widget-container\">\n\t\t\t\t\t\t\t\t\t<div class=\"elementor-button-wrapper\">\n\t\t\t\t\t<a class=\"elementor-button elementor-button-link elementor-size-sm\" href=\"https:\/\/sede.mcu.gob.es\/CatalogoICAA\/en-us\/Peliculas\/Detalle?q=true&#038;Pelicula=77122\" target=\"_blank\">\n\t\t\t\t\t\t<span class=\"elementor-button-content-wrapper\">\n\t\t\t\t\t\t\t\t\t<span class=\"elementor-button-text\">SEE TECHNICAL INFO<\/span>\n\t\t\t\t\t<\/span>\n\t\t\t\t\t<\/a>\n\t\t\t\t<\/div>\n\t\t\t\t\t\t\t\t<\/div>\n\t\t\t\t<\/div>\n\t\t\t\t<\/div>\n\t\t\t\t<\/div>\n\t\t\t\t<\/div>\n\t\t<div class=\"elementor-element elementor-element-3dfdf30 e-con-full e-flex e-con e-child\" data-id=\"3dfdf30\" data-element_type=\"container\">\n\t\t\t\t<div class=\"elementor-element elementor-element-d1cc378 elementor-widget elementor-widget-image\" data-id=\"d1cc378\" data-element_type=\"widget\" data-widget_type=\"image.default\">\n\t\t\t\t<div class=\"elementor-widget-container\">\n\t\t\t\t\t\t\t\t\t\t\t\t\t\t\t<img decoding=\"async\" width=\"1450\" height=\"794\" data-src=\"https:\/\/www.cscfilms.com\/wp-content\/uploads\/2025\/02\/csc_proyectos1.jpg\" class=\"attachment-full size-full wp-image-1080 lazyload\" alt=\"Sobre todo de noche\" data-srcset=\"https:\/\/www.cscfilms.com\/wp-content\/uploads\/2025\/02\/csc_proyectos1.jpg 1450w, https:\/\/www.cscfilms.com\/wp-content\/uploads\/2025\/02\/csc_proyectos1-300x164.jpg 300w, https:\/\/www.cscfilms.com\/wp-content\/uploads\/2025\/02\/csc_proyectos1-1024x561.jpg 1024w, https:\/\/www.cscfilms.com\/wp-content\/uploads\/2025\/02\/csc_proyectos1-768x421.jpg 768w\" data-sizes=\"(max-width: 1450px) 100vw, 1450px\" src=\"data:image\/gif;base64,R0lGODlhAQABAAAAACH5BAEKAAEALAAAAAABAAEAAAICTAEAOw==\" style=\"--smush-placeholder-width: 1450px; --smush-placeholder-aspect-ratio: 1450\/794;\" \/>\t\t\t\t\t\t\t\t\t\t\t\t\t\t\t<\/div>\n\t\t\t\t<\/div>\n\t\t<div class=\"elementor-element elementor-element-d2d0e7d e-con-full e-flex e-con e-child\" data-id=\"d2d0e7d\" data-element_type=\"container\">\n\t\t<div class=\"elementor-element elementor-element-36568a2 e-con-full e-flex e-con e-child\" data-id=\"36568a2\" data-element_type=\"container\">\n\t\t\t\t<div class=\"elementor-element elementor-element-84f2191 elementor-widget elementor-widget-heading\" data-id=\"84f2191\" data-element_type=\"widget\" data-widget_type=\"heading.default\">\n\t\t\t\t<div class=\"elementor-widget-container\">\n\t\t\t\t\t<h3 class=\"elementor-heading-title elementor-size-default\">SOBRE TODO DE NOCHE_<\/h3>\t\t\t\t<\/div>\n\t\t\t\t<\/div>\n\t\t\t\t<div class=\"elementor-element elementor-element-334875d elementor-widget elementor-widget-text-editor\" data-id=\"334875d\" data-element_type=\"widget\" data-widget_type=\"text-editor.default\">\n\t\t\t\t<div class=\"elementor-widget-container\">\n\t\t\t\t\t\t\t\t\t2023 | V\u00edctor Iriarte\t\t\t\t\t\t\t\t<\/div>\n\t\t\t\t<\/div>\n\t\t\t\t<\/div>\n\t\t<div class=\"elementor-element elementor-element-c8a8edf e-con-full e-flex e-con e-child\" data-id=\"c8a8edf\" data-element_type=\"container\">\n\t\t\t\t<div class=\"elementor-element elementor-element-7ce329b elementor-align-left elementor-mobile-align-left elementor-widget elementor-widget-button\" data-id=\"7ce329b\" data-element_type=\"widget\" data-widget_type=\"button.default\">\n\t\t\t\t<div class=\"elementor-widget-container\">\n\t\t\t\t\t\t\t\t\t<div class=\"elementor-button-wrapper\">\n\t\t\t\t\t<a class=\"elementor-button elementor-button-link elementor-size-sm\" href=\"https:\/\/sede.mcu.gob.es\/CatalogoICAA\/en-us\/Peliculas\/Detalle?q=true&#038;Pelicula=93420\" target=\"_blank\">\n\t\t\t\t\t\t<span class=\"elementor-button-content-wrapper\">\n\t\t\t\t\t\t\t\t\t<span class=\"elementor-button-text\">SEE TECHNICAL INFO<\/span>\n\t\t\t\t\t<\/span>\n\t\t\t\t\t<\/a>\n\t\t\t\t<\/div>\n\t\t\t\t\t\t\t\t<\/div>\n\t\t\t\t<\/div>\n\t\t\t\t<\/div>\n\t\t\t\t<\/div>\n\t\t\t\t<\/div>\n\t\t<div class=\"elementor-element elementor-element-93fc273 e-con-full e-flex e-con e-child\" data-id=\"93fc273\" data-element_type=\"container\">\n\t\t\t\t<div class=\"elementor-element elementor-element-35a26c2 elementor-widget elementor-widget-image\" data-id=\"35a26c2\" data-element_type=\"widget\" data-widget_type=\"image.default\">\n\t\t\t\t<div class=\"elementor-widget-container\">\n\t\t\t\t\t\t\t\t\t\t\t\t\t\t\t<img decoding=\"async\" width=\"1450\" height=\"794\" data-src=\"https:\/\/www.cscfilms.com\/wp-content\/uploads\/2025\/02\/csc_proyectos6.jpg\" class=\"attachment-full size-full wp-image-1085 lazyload\" alt=\"Tula\" data-srcset=\"https:\/\/www.cscfilms.com\/wp-content\/uploads\/2025\/02\/csc_proyectos6.jpg 1450w, https:\/\/www.cscfilms.com\/wp-content\/uploads\/2025\/02\/csc_proyectos6-300x164.jpg 300w, https:\/\/www.cscfilms.com\/wp-content\/uploads\/2025\/02\/csc_proyectos6-1024x561.jpg 1024w, https:\/\/www.cscfilms.com\/wp-content\/uploads\/2025\/02\/csc_proyectos6-768x421.jpg 768w\" data-sizes=\"(max-width: 1450px) 100vw, 1450px\" src=\"data:image\/gif;base64,R0lGODlhAQABAAAAACH5BAEKAAEALAAAAAABAAEAAAICTAEAOw==\" style=\"--smush-placeholder-width: 1450px; --smush-placeholder-aspect-ratio: 1450\/794;\" \/>\t\t\t\t\t\t\t\t\t\t\t\t\t\t\t<\/div>\n\t\t\t\t<\/div>\n\t\t<div class=\"elementor-element elementor-element-0bd8dd5 e-con-full e-flex e-con e-child\" data-id=\"0bd8dd5\" data-element_type=\"container\">\n\t\t<div class=\"elementor-element elementor-element-9adf074 e-con-full e-flex e-con e-child\" data-id=\"9adf074\" data-element_type=\"container\">\n\t\t\t\t<div class=\"elementor-element elementor-element-6ee7b3f elementor-widget elementor-widget-heading\" data-id=\"6ee7b3f\" data-element_type=\"widget\" data-widget_type=\"heading.default\">\n\t\t\t\t<div class=\"elementor-widget-container\">\n\t\t\t\t\t<h3 class=\"elementor-heading-title elementor-size-default\">TULA_<\/h3>\t\t\t\t<\/div>\n\t\t\t\t<\/div>\n\t\t\t\t<div class=\"elementor-element elementor-element-98431cd elementor-widget elementor-widget-text-editor\" data-id=\"98431cd\" data-element_type=\"widget\" data-widget_type=\"text-editor.default\">\n\t\t\t\t<div class=\"elementor-widget-container\">\n\t\t\t\t\t\t\t\t\t2022 | Bea de Silva\t\t\t\t\t\t\t\t<\/div>\n\t\t\t\t<\/div>\n\t\t\t\t<\/div>\n\t\t<div class=\"elementor-element elementor-element-eb81103 e-con-full e-flex e-con e-child\" data-id=\"eb81103\" data-element_type=\"container\">\n\t\t\t\t<div class=\"elementor-element elementor-element-c4490f6 elementor-align-left elementor-widget elementor-widget-button\" data-id=\"c4490f6\" data-element_type=\"widget\" data-widget_type=\"button.default\">\n\t\t\t\t<div class=\"elementor-widget-container\">\n\t\t\t\t\t\t\t\t\t<div class=\"elementor-button-wrapper\">\n\t\t\t\t\t<a class=\"elementor-button elementor-button-link elementor-size-sm\" href=\"https:\/\/sede.mcu.gob.es\/CatalogoICAA\/en-us\/Peliculas\/Detalle?q=true&#038;Pelicula=55721\" target=\"_blank\">\n\t\t\t\t\t\t<span class=\"elementor-button-content-wrapper\">\n\t\t\t\t\t\t\t\t\t<span class=\"elementor-button-text\">SEE TECHNICAL INFO<\/span>\n\t\t\t\t\t<\/span>\n\t\t\t\t\t<\/a>\n\t\t\t\t<\/div>\n\t\t\t\t\t\t\t\t<\/div>\n\t\t\t\t<\/div>\n\t\t\t\t<\/div>\n\t\t\t\t<\/div>\n\t\t\t\t<\/div>\n\t\t<div class=\"elementor-element elementor-element-b107eda e-con-full e-flex e-con e-child\" data-id=\"b107eda\" data-element_type=\"container\">\n\t\t\t\t<div class=\"elementor-element elementor-element-07fc2ab elementor-widget elementor-widget-image\" data-id=\"07fc2ab\" data-element_type=\"widget\" data-widget_type=\"image.default\">\n\t\t\t\t<div class=\"elementor-widget-container\">\n\t\t\t\t\t\t\t\t\t\t\t\t\t\t\t<img decoding=\"async\" width=\"1450\" height=\"794\" data-src=\"https:\/\/www.cscfilms.com\/wp-content\/uploads\/2025\/02\/csc_proyectos3.jpg\" class=\"attachment-full size-full wp-image-1082 lazyload\" alt=\"La colcha y la madre\" data-srcset=\"https:\/\/www.cscfilms.com\/wp-content\/uploads\/2025\/02\/csc_proyectos3.jpg 1450w, https:\/\/www.cscfilms.com\/wp-content\/uploads\/2025\/02\/csc_proyectos3-300x164.jpg 300w, https:\/\/www.cscfilms.com\/wp-content\/uploads\/2025\/02\/csc_proyectos3-1024x561.jpg 1024w, https:\/\/www.cscfilms.com\/wp-content\/uploads\/2025\/02\/csc_proyectos3-768x421.jpg 768w\" data-sizes=\"(max-width: 1450px) 100vw, 1450px\" src=\"data:image\/gif;base64,R0lGODlhAQABAAAAACH5BAEKAAEALAAAAAABAAEAAAICTAEAOw==\" style=\"--smush-placeholder-width: 1450px; --smush-placeholder-aspect-ratio: 1450\/794;\" \/>\t\t\t\t\t\t\t\t\t\t\t\t\t\t\t<\/div>\n\t\t\t\t<\/div>\n\t\t<div class=\"elementor-element elementor-element-43f431e e-con-full e-flex e-con e-child\" data-id=\"43f431e\" data-element_type=\"container\">\n\t\t<div class=\"elementor-element elementor-element-f3612b6 e-con-full e-flex e-con e-child\" data-id=\"f3612b6\" data-element_type=\"container\">\n\t\t\t\t<div class=\"elementor-element elementor-element-ff61a49 elementor-widget elementor-widget-heading\" data-id=\"ff61a49\" data-element_type=\"widget\" data-widget_type=\"heading.default\">\n\t\t\t\t<div class=\"elementor-widget-container\">\n\t\t\t\t\t<h3 class=\"elementor-heading-title elementor-size-default\">LA COLCHA Y LA MADRE_<\/h3>\t\t\t\t<\/div>\n\t\t\t\t<\/div>\n\t\t\t\t<div class=\"elementor-element elementor-element-501c3ab elementor-widget elementor-widget-text-editor\" data-id=\"501c3ab\" data-element_type=\"widget\" data-widget_type=\"text-editor.default\">\n\t\t\t\t<div class=\"elementor-widget-container\">\n\t\t\t\t\t\t\t\t\t2021 | David P\u00e9rez Sa\u00f1udo\t\t\t\t\t\t\t\t<\/div>\n\t\t\t\t<\/div>\n\t\t\t\t<\/div>\n\t\t<div class=\"elementor-element elementor-element-e9ea788 e-con-full e-flex e-con e-child\" data-id=\"e9ea788\" data-element_type=\"container\">\n\t\t\t\t<div class=\"elementor-element elementor-element-fc282e8 elementor-align-left elementor-widget elementor-widget-button\" data-id=\"fc282e8\" data-element_type=\"widget\" data-widget_type=\"button.default\">\n\t\t\t\t<div class=\"elementor-widget-container\">\n\t\t\t\t\t\t\t\t\t<div class=\"elementor-button-wrapper\">\n\t\t\t\t\t<a class=\"elementor-button elementor-button-link elementor-size-sm\" href=\"https:\/\/sede.mcu.gob.es\/CatalogoICAA\/en-us\/Peliculas\/Detalle?q=true&#038;Pelicula=111419\" target=\"_blank\">\n\t\t\t\t\t\t<span class=\"elementor-button-content-wrapper\">\n\t\t\t\t\t\t\t\t\t<span class=\"elementor-button-text\">SEE TECHNICAL INFO<\/span>\n\t\t\t\t\t<\/span>\n\t\t\t\t\t<\/a>\n\t\t\t\t<\/div>\n\t\t\t\t\t\t\t\t<\/div>\n\t\t\t\t<\/div>\n\t\t\t\t<\/div>\n\t\t\t\t<\/div>\n\t\t\t\t<\/div>\n\t\t<div class=\"elementor-element elementor-element-62642b9 e-con-full e-flex e-con e-child\" data-id=\"62642b9\" data-element_type=\"container\">\n\t\t\t\t<div class=\"elementor-element elementor-element-1ea82ab elementor-widget elementor-widget-image\" data-id=\"1ea82ab\" data-element_type=\"widget\" data-widget_type=\"image.default\">\n\t\t\t\t<div class=\"elementor-widget-container\">\n\t\t\t\t\t\t\t\t\t\t\t\t\t\t\t<img decoding=\"async\" width=\"1450\" height=\"794\" data-src=\"https:\/\/www.cscfilms.com\/wp-content\/uploads\/2025\/02\/csc_proyectos5.jpg\" class=\"attachment-full size-full wp-image-1084 lazyload\" alt=\"El carn\u00e9 de(s)madre\" data-srcset=\"https:\/\/www.cscfilms.com\/wp-content\/uploads\/2025\/02\/csc_proyectos5.jpg 1450w, https:\/\/www.cscfilms.com\/wp-content\/uploads\/2025\/02\/csc_proyectos5-300x164.jpg 300w, https:\/\/www.cscfilms.com\/wp-content\/uploads\/2025\/02\/csc_proyectos5-1024x561.jpg 1024w, https:\/\/www.cscfilms.com\/wp-content\/uploads\/2025\/02\/csc_proyectos5-768x421.jpg 768w\" data-sizes=\"(max-width: 1450px) 100vw, 1450px\" src=\"data:image\/gif;base64,R0lGODlhAQABAAAAACH5BAEKAAEALAAAAAABAAEAAAICTAEAOw==\" style=\"--smush-placeholder-width: 1450px; --smush-placeholder-aspect-ratio: 1450\/794;\" \/>\t\t\t\t\t\t\t\t\t\t\t\t\t\t\t<\/div>\n\t\t\t\t<\/div>\n\t\t<div class=\"elementor-element elementor-element-bc08298 e-con-full e-flex e-con e-child\" data-id=\"bc08298\" data-element_type=\"container\">\n\t\t<div class=\"elementor-element elementor-element-cff7c8d e-con-full e-flex e-con e-child\" data-id=\"cff7c8d\" data-element_type=\"container\">\n\t\t\t\t<div class=\"elementor-element elementor-element-7bf3081 elementor-widget elementor-widget-heading\" data-id=\"7bf3081\" data-element_type=\"widget\" data-widget_type=\"heading.default\">\n\t\t\t\t<div class=\"elementor-widget-container\">\n\t\t\t\t\t<h3 class=\"elementor-heading-title elementor-size-default\">EL CARN\u00c9 DE(S)MADRE_<\/h3>\t\t\t\t<\/div>\n\t\t\t\t<\/div>\n\t\t\t\t<div class=\"elementor-element elementor-element-9264844 elementor-widget elementor-widget-text-editor\" data-id=\"9264844\" data-element_type=\"widget\" data-widget_type=\"text-editor.default\">\n\t\t\t\t<div class=\"elementor-widget-container\">\n\t\t\t\t\t\t\t\t\t2021 | Xabi Vitoria\t\t\t\t\t\t\t\t<\/div>\n\t\t\t\t<\/div>\n\t\t\t\t<\/div>\n\t\t<div class=\"elementor-element elementor-element-8ded0ac e-con-full e-flex e-con e-child\" data-id=\"8ded0ac\" data-element_type=\"container\">\n\t\t\t\t<div class=\"elementor-element elementor-element-03c3943 elementor-align-left elementor-widget elementor-widget-button\" data-id=\"03c3943\" data-element_type=\"widget\" data-widget_type=\"button.default\">\n\t\t\t\t<div class=\"elementor-widget-container\">\n\t\t\t\t\t\t\t\t\t<div class=\"elementor-button-wrapper\">\n\t\t\t\t\t<a class=\"elementor-button elementor-button-link elementor-size-sm\" href=\"https:\/\/sede.mcu.gob.es\/CatalogoICAA\/en-us\/Peliculas\/Detalle?q=true&#038;Pelicula=181521\" target=\"_blank\">\n\t\t\t\t\t\t<span class=\"elementor-button-content-wrapper\">\n\t\t\t\t\t\t\t\t\t<span class=\"elementor-button-text\">SEE TECHNICAL INFO<\/span>\n\t\t\t\t\t<\/span>\n\t\t\t\t\t<\/a>\n\t\t\t\t<\/div>\n\t\t\t\t\t\t\t\t<\/div>\n\t\t\t\t<\/div>\n\t\t\t\t<\/div>\n\t\t\t\t<\/div>\n\t\t\t\t<\/div>\n\t\t\t\t<\/div>\n\t\t\t\t\t<\/div>\n\t\t\t\t<\/div>\n\t\t\t\t<\/div>\n\t\t","protected":false},"excerpt":{"rendered":"<p>PROJECTS_ NI LOBOS NI CORDEROS_ 2024 | Jos\u00e9 Luis Acosta SEE TECHNICAL INFO LOCAS DEL \u00c1TICO_ 2024 | Tamara Garc\u00eda Iglesias SEE TECHNICAL INFO HADO_ 2024 | Rubi Rock SEE TECHNICAL INFO SOBRE TODO DE NOCHE_ 2023 | V\u00edctor Iriarte SEE TECHNICAL INFO TULA_ 2022 | Bea de Silva SEE TECHNICAL INFO LA COLCHA Y [&hellip;]<\/p>\n","protected":false},"author":5,"featured_media":0,"parent":0,"menu_order":0,"comment_status":"closed","ping_status":"closed","template":"","meta":{"inline_featured_image":false,"footnotes":""},"class_list":["post-1746","page","type-page","status-publish","hentry"],"aioseo_notices":[],"_links":{"self":[{"href":"https:\/\/www.cscfilms.com\/en\/wp-json\/wp\/v2\/pages\/1746","targetHints":{"allow":["GET"]}}],"collection":[{"href":"https:\/\/www.cscfilms.com\/en\/wp-json\/wp\/v2\/pages"}],"about":[{"href":"https:\/\/www.cscfilms.com\/en\/wp-json\/wp\/v2\/types\/page"}],"author":[{"embeddable":true,"href":"https:\/\/www.cscfilms.com\/en\/wp-json\/wp\/v2\/users\/5"}],"replies":[{"embeddable":true,"href":"https:\/\/www.cscfilms.com\/en\/wp-json\/wp\/v2\/comments?post=1746"}],"version-history":[{"count":4,"href":"https:\/\/www.cscfilms.com\/en\/wp-json\/wp\/v2\/pages\/1746\/revisions"}],"predecessor-version":[{"id":1859,"href":"https:\/\/www.cscfilms.com\/en\/wp-json\/wp\/v2\/pages\/1746\/revisions\/1859"}],"wp:attachment":[{"href":"https:\/\/www.cscfilms.com\/en\/wp-json\/wp\/v2\/media?parent=1746"}],"curies":[{"name":"wp","href":"https:\/\/api.w.org\/{rel}","templated":true}]}}